{"id":4458,"date":"2025-05-11T18:09:32","date_gmt":"2025-05-11T18:09:32","guid":{"rendered":"https:\/\/meritosolutions.com\/?page_id=4458"},"modified":"2025-09-20T18:39:24","modified_gmt":"2025-09-20T18:39:24","slug":"blog","status":"publish","type":"page","link":"https:\/\/meritosolutions.com\/es\/blog\/","title":{"rendered":"Blog"},"content":{"rendered":"<div data-elementor-type=\"wp-page\" data-elementor-id=\"4458\" class=\"elementor elementor-4458\" data-elementor-post-type=\"page\">\n\t\t\t\t<div class=\"elementor-element elementor-element-4ed8718e e-flex e-con-boxed e-con e-parent\" data-id=\"4ed8718e\" data-element_type=\"container\" data-e-type=\"container\" id=\"xs_blog_light_post_img_9\" data-settings=\"{&quot;background_background&quot;:&quot;classic&quot;}\">\n\t\t\t\t\t<div class=\"e-con-inner\">\n\t\t\t\t<div class=\"elementor-element elementor-element-376c9a37 elementor-widget elementor-widget-elementskit-heading\" data-id=\"376c9a37\" data-element_type=\"widget\" data-e-type=\"widget\" data-widget_type=\"elementskit-heading.default\">\n\t\t\t\t<div class=\"elementor-widget-container\">\n\t\t\t\t\t<div class=\"ekit-wid-con\" ><div class=\"ekit-heading elementskit-section-title-wraper center   ekit_heading_tablet-   ekit_heading_mobile-\"><h2 class=\"ekit-heading--title elementskit-section-title\">Blog<\/h2><div class=\"ekit_heading_separetor_wraper ekit_heading_elementskit-border-divider ekit-dotted\"><div class=\"elementskit-border-divider ekit-dotted\"><\/div><\/div><h3 class=\"ekit-heading--subtitle elementskit-section-subtitle\">\n\t\t\t\t\t\t\u00a1Hola, empresas australianas! Impulsando su crecimiento en la era digital.\n\t\t\t\t\t<\/h3>\t\t\t\t<div class='ekit-heading__description'>\n\t\t\t\t\t<p>\u00a1Hola, amigos! En Merito Solutions, nos comprometemos profundamente con el \u00e9xito de las peque\u00f1as y medianas empresas de Australia. Creemos que con trabajo duro y s\u00f3lidas alianzas, todo es posible, y nuestro nombre, Merito, representa ese esp\u00edritu.<\/p>\n<p>Ofrecemos una gama completa de servicios de TI dise\u00f1ados para impulsar su negocio en la era digital. Desde las robustas capacidades de Business Central hasta las atractivas soluciones web y la potencia de la automatizaci\u00f3n de Power Platform, ofrecemos soluciones adaptadas a sus necesidades espec\u00edficas, siempre con un enfoque centrado en el usuario.<\/p>\n<p>Somos m\u00e1s que un simple proveedor de servicios; somos sus socios en el crecimiento. Por eso nos comprometemos a compartir conocimientos valiosos y actualizaciones para mantener su negocio informado y competitivo. Construyamos juntos un futuro exitoso con las soluciones de TI adecuadas.<\/p>\n\t\t\t\t<\/div>\n\t\t\t<\/div><\/div>\t\t\t\t<\/div>\n\t\t\t\t<\/div>\n\t\t\t\t\t<\/div>\n\t\t\t\t<\/div>\n\t\t\t\t<section class=\"elementor-section elementor-top-section elementor-element elementor-element-2b432e1e elementor-section-boxed elementor-section-height-default elementor-section-height-default\" data-id=\"2b432e1e\" data-element_type=\"section\" data-e-type=\"section\">\n\t\t\t\t\t\t<div class=\"elementor-container elementor-column-gap-default\">\n\t\t\t\t\t<div class=\"elementor-column elementor-col-100 elementor-top-column elementor-element elementor-element-5bea89d5\" data-id=\"5bea89d5\" data-element_type=\"column\" data-e-type=\"column\">\n\t\t\t<div class=\"elementor-widget-wrap elementor-element-populated\">\n\t\t\t\t\t\t<div class=\"elementor-element elementor-element-3ee49899 elementor-grid-3 elementor-grid-tablet-2 elementor-grid-mobile-1 elementor-posts--thumbnail-top elementor-posts--show-avatar elementor-card-shadow-yes elementor-posts__hover-gradient elementor-widget elementor-widget-posts\" data-id=\"3ee49899\" data-element_type=\"widget\" data-e-type=\"widget\" data-settings=\"{&quot;pagination_type&quot;:&quot;numbers_and_prev_next&quot;,&quot;cards_columns&quot;:&quot;3&quot;,&quot;cards_columns_tablet&quot;:&quot;2&quot;,&quot;cards_columns_mobile&quot;:&quot;1&quot;,&quot;cards_row_gap&quot;:{&quot;unit&quot;:&quot;px&quot;,&quot;size&quot;:35,&quot;sizes&quot;:[]},&quot;cards_row_gap_tablet&quot;:{&quot;unit&quot;:&quot;px&quot;,&quot;size&quot;:&quot;&quot;,&quot;sizes&quot;:[]},&quot;cards_row_gap_mobile&quot;:{&quot;unit&quot;:&quot;px&quot;,&quot;size&quot;:&quot;&quot;,&quot;sizes&quot;:[]}}\" data-widget_type=\"posts.cards\">\n\t\t\t\t<div class=\"elementor-widget-container\">\n\t\t\t\t\t\t\t<div class=\"elementor-posts-container elementor-posts elementor-posts--skin-cards elementor-grid\" role=\"list\">\n\t\t\t\t<article class=\"elementor-post elementor-grid-item post-4846 post type-post status-publish format-standard has-post-thumbnail hentry category-software\" role=\"listitem\">\n\t\t\t<div class=\"elementor-post__card\">\n\t\t\t\t<a class=\"elementor-post__thumbnail__link\" href=\"https:\/\/meritosolutions.com\/es\/blog\/enhance-your-business-with-the-business-central-27-release\/\" tabindex=\"-1\" ><div class=\"elementor-post__thumbnail\"><img fetchpriority=\"high\" decoding=\"async\" width=\"300\" height=\"202\" src=\"https:\/\/meritosolutions.com\/wp-content\/uploads\/2021\/12\/app-two-mockup.png\" class=\"attachment-medium size-medium wp-image-3512\" alt=\"\" \/><\/div><\/a>\n\t\t\t\t<div class=\"elementor-post__avatar\">\n\t\t\t<img alt='Magda Yinneth' src='https:\/\/secure.gravatar.com\/avatar\/2209c35146383b7e43001de5b41ebdb696487a9e42251e0ba5755e573f3c74ab?s=128&#038;d=mm&#038;r=g' srcset='https:\/\/secure.gravatar.com\/avatar\/2209c35146383b7e43001de5b41ebdb696487a9e42251e0ba5755e573f3c74ab?s=256&#038;d=mm&#038;r=g 2x' class='avatar avatar-128 photo' height='128' width='128' \/>\t\t<\/div>\n\t\t\t\t<div class=\"elementor-post__text\">\n\t\t\t\t<h3 class=\"elementor-post__title\">\n\t\t\t<a href=\"https:\/\/meritosolutions.com\/es\/blog\/enhance-your-business-with-the-business-central-27-release\/\" >\n\t\t\t\tEnhance Your Business with the Business Central 27 Release\t\t\t<\/a>\n\t\t<\/h3>\n\t\t\t\t<div class=\"elementor-post__excerpt\">\n\t\t\t<p>Microsoft&#8217;s Dynamics 365 2025 release wave 2 is here, and with it comes a powerful update to Business Central 27. This new release introduces key<\/p>\n\t\t<\/div>\n\t\t\t\t<\/div>\n\t\t\t\t\t<\/div>\n\t\t<\/article>\n\t\t\t\t<article class=\"elementor-post elementor-grid-item post-4844 post type-post status-publish format-standard has-post-thumbnail hentry category-development\" role=\"listitem\">\n\t\t\t<div class=\"elementor-post__card\">\n\t\t\t\t<a class=\"elementor-post__thumbnail__link\" href=\"https:\/\/meritosolutions.com\/es\/blog\/unlock-your-businesss-potential-with-microsoft-dynamics-365\/\" tabindex=\"-1\" ><div class=\"elementor-post__thumbnail\"><img decoding=\"async\" width=\"300\" height=\"200\" src=\"https:\/\/meritosolutions.com\/wp-content\/uploads\/2025\/05\/adult-brainstorming-business-1181355-300x200.jpg\" class=\"attachment-medium size-medium wp-image-4163\" alt=\"\" srcset=\"https:\/\/meritosolutions.com\/wp-content\/uploads\/2025\/05\/adult-brainstorming-business-1181355-300x200.jpg 300w, https:\/\/meritosolutions.com\/wp-content\/uploads\/2025\/05\/adult-brainstorming-business-1181355-1024x684.jpg 1024w, https:\/\/meritosolutions.com\/wp-content\/uploads\/2025\/05\/adult-brainstorming-business-1181355-768x513.jpg 768w, https:\/\/meritosolutions.com\/wp-content\/uploads\/2025\/05\/adult-brainstorming-business-1181355-1536x1025.jpg 1536w, https:\/\/meritosolutions.com\/wp-content\/uploads\/2025\/05\/adult-brainstorming-business-1181355.jpg 1600w\" sizes=\"(max-width: 300px) 100vw, 300px\" \/><\/div><\/a>\n\t\t\t\t<div class=\"elementor-post__avatar\">\n\t\t\t<img alt='Magda Yinneth' src='https:\/\/secure.gravatar.com\/avatar\/2209c35146383b7e43001de5b41ebdb696487a9e42251e0ba5755e573f3c74ab?s=128&#038;d=mm&#038;r=g' srcset='https:\/\/secure.gravatar.com\/avatar\/2209c35146383b7e43001de5b41ebdb696487a9e42251e0ba5755e573f3c74ab?s=256&#038;d=mm&#038;r=g 2x' class='avatar avatar-128 photo' height='128' width='128' \/>\t\t<\/div>\n\t\t\t\t<div class=\"elementor-post__text\">\n\t\t\t\t<h3 class=\"elementor-post__title\">\n\t\t\t<a href=\"https:\/\/meritosolutions.com\/es\/blog\/unlock-your-businesss-potential-with-microsoft-dynamics-365\/\" >\n\t\t\t\tUnlock Your Business&#8217;s Potential with Microsoft Dynamics 365\t\t\t<\/a>\n\t\t<\/h3>\n\t\t\t\t<div class=\"elementor-post__excerpt\">\n\t\t\t<p>In today&#8217;s fast-paced business world, a single tool isn&#8217;t enough. You need a suite of integrated applications that work together to tackle your most pressing<\/p>\n\t\t<\/div>\n\t\t\t\t<\/div>\n\t\t\t\t\t<\/div>\n\t\t<\/article>\n\t\t\t\t<article class=\"elementor-post elementor-grid-item post-4839 post type-post status-publish format-standard has-post-thumbnail hentry category-uncategorized\" role=\"listitem\">\n\t\t\t<div class=\"elementor-post__card\">\n\t\t\t\t<a class=\"elementor-post__thumbnail__link\" href=\"https:\/\/meritosolutions.com\/es\/blog\/transform-your-business-why-microsoft-dynamics-365-business-central-is-your-next-smart-move\/\" tabindex=\"-1\" ><div class=\"elementor-post__thumbnail\"><img decoding=\"async\" width=\"300\" height=\"225\" src=\"https:\/\/meritosolutions.com\/wp-content\/uploads\/2025\/05\/concept-startup-with-rocket-shape-hole-wall-which-alludes-departure-towards-new-goals-300x225.jpg\" class=\"attachment-medium size-medium wp-image-4557\" alt=\"\" srcset=\"https:\/\/meritosolutions.com\/wp-content\/uploads\/2025\/05\/concept-startup-with-rocket-shape-hole-wall-which-alludes-departure-towards-new-goals-300x225.jpg 300w, https:\/\/meritosolutions.com\/wp-content\/uploads\/2025\/05\/concept-startup-with-rocket-shape-hole-wall-which-alludes-departure-towards-new-goals-1024x768.jpg 1024w, https:\/\/meritosolutions.com\/wp-content\/uploads\/2025\/05\/concept-startup-with-rocket-shape-hole-wall-which-alludes-departure-towards-new-goals-768x576.jpg 768w, https:\/\/meritosolutions.com\/wp-content\/uploads\/2025\/05\/concept-startup-with-rocket-shape-hole-wall-which-alludes-departure-towards-new-goals-1536x1152.jpg 1536w, https:\/\/meritosolutions.com\/wp-content\/uploads\/2025\/05\/concept-startup-with-rocket-shape-hole-wall-which-alludes-departure-towards-new-goals-2048x1536.jpg 2048w, https:\/\/meritosolutions.com\/wp-content\/uploads\/2025\/05\/concept-startup-with-rocket-shape-hole-wall-which-alludes-departure-towards-new-goals-16x12.jpg 16w\" sizes=\"(max-width: 300px) 100vw, 300px\" \/><\/div><\/a>\n\t\t\t\t<div class=\"elementor-post__avatar\">\n\t\t\t<img alt='Magda Yinneth' src='https:\/\/secure.gravatar.com\/avatar\/2209c35146383b7e43001de5b41ebdb696487a9e42251e0ba5755e573f3c74ab?s=128&#038;d=mm&#038;r=g' srcset='https:\/\/secure.gravatar.com\/avatar\/2209c35146383b7e43001de5b41ebdb696487a9e42251e0ba5755e573f3c74ab?s=256&#038;d=mm&#038;r=g 2x' class='avatar avatar-128 photo' height='128' width='128' \/>\t\t<\/div>\n\t\t\t\t<div class=\"elementor-post__text\">\n\t\t\t\t<h3 class=\"elementor-post__title\">\n\t\t\t<a href=\"https:\/\/meritosolutions.com\/es\/blog\/transform-your-business-why-microsoft-dynamics-365-business-central-is-your-next-smart-move\/\" >\n\t\t\t\tTransform Your Business: Why Microsoft Dynamics 365 Business Central is Your Next Smart Move\t\t\t<\/a>\n\t\t<\/h3>\n\t\t\t\t<div class=\"elementor-post__excerpt\">\n\t\t\t<p>Running a growing business today means juggling countless tasks, from sales and finance to operations and customer service. You need a system that doesn&#8217;t just<\/p>\n\t\t<\/div>\n\t\t\t\t<\/div>\n\t\t\t\t\t<\/div>\n\t\t<\/article>\n\t\t\t\t<article class=\"elementor-post elementor-grid-item post-4828 post type-post status-publish format-standard has-post-thumbnail hentry category-design category-development category-software\" role=\"listitem\">\n\t\t\t<div class=\"elementor-post__card\">\n\t\t\t\t<a class=\"elementor-post__thumbnail__link\" href=\"https:\/\/meritosolutions.com\/es\/blog\/reclaim-your-time-how-microsoft-power-platform-eliminates-repetitive-tasks\/\" tabindex=\"-1\" ><div class=\"elementor-post__thumbnail\"><img loading=\"lazy\" decoding=\"async\" width=\"300\" height=\"200\" src=\"https:\/\/meritosolutions.com\/wp-content\/uploads\/2025\/05\/double-exposure-desktop-computer-human-brain-drawing-hologram-ai-concept-300x200.jpg\" class=\"attachment-medium size-medium wp-image-4653\" alt=\"\" srcset=\"https:\/\/meritosolutions.com\/wp-content\/uploads\/2025\/05\/double-exposure-desktop-computer-human-brain-drawing-hologram-ai-concept-300x200.jpg 300w, https:\/\/meritosolutions.com\/wp-content\/uploads\/2025\/05\/double-exposure-desktop-computer-human-brain-drawing-hologram-ai-concept-1024x683.jpg 1024w, https:\/\/meritosolutions.com\/wp-content\/uploads\/2025\/05\/double-exposure-desktop-computer-human-brain-drawing-hologram-ai-concept-768x512.jpg 768w, https:\/\/meritosolutions.com\/wp-content\/uploads\/2025\/05\/double-exposure-desktop-computer-human-brain-drawing-hologram-ai-concept-1536x1024.jpg 1536w, https:\/\/meritosolutions.com\/wp-content\/uploads\/2025\/05\/double-exposure-desktop-computer-human-brain-drawing-hologram-ai-concept-2048x1365.jpg 2048w, https:\/\/meritosolutions.com\/wp-content\/uploads\/2025\/05\/double-exposure-desktop-computer-human-brain-drawing-hologram-ai-concept-18x12.jpg 18w\" sizes=\"(max-width: 300px) 100vw, 300px\" \/><\/div><\/a>\n\t\t\t\t<div class=\"elementor-post__avatar\">\n\t\t\t<img alt='Magda Yinneth' src='https:\/\/secure.gravatar.com\/avatar\/2209c35146383b7e43001de5b41ebdb696487a9e42251e0ba5755e573f3c74ab?s=128&#038;d=mm&#038;r=g' srcset='https:\/\/secure.gravatar.com\/avatar\/2209c35146383b7e43001de5b41ebdb696487a9e42251e0ba5755e573f3c74ab?s=256&#038;d=mm&#038;r=g 2x' class='avatar avatar-128 photo' height='128' width='128' \/>\t\t<\/div>\n\t\t\t\t<div class=\"elementor-post__text\">\n\t\t\t\t<h3 class=\"elementor-post__title\">\n\t\t\t<a href=\"https:\/\/meritosolutions.com\/es\/blog\/reclaim-your-time-how-microsoft-power-platform-eliminates-repetitive-tasks\/\" >\n\t\t\t\tRecupere su tiempo: c\u00f3mo Microsoft Power Platform elimina las tareas repetitivas\t\t\t<\/a>\n\t\t<\/h3>\n\t\t\t\t<div class=\"elementor-post__excerpt\">\n\t\t\t<p>In today&#8217;s fast-paced business world, it&#8217;s easy to feel overwhelmed by an endless stream of repetitive tasks. Data entry, report generation, approval workflows, and countless<\/p>\n\t\t<\/div>\n\t\t\t\t<\/div>\n\t\t\t\t\t<\/div>\n\t\t<\/article>\n\t\t\t\t<article class=\"elementor-post elementor-grid-item post-4783 post type-post status-publish format-standard has-post-thumbnail hentry category-design category-cyber category-development category-software\" role=\"listitem\">\n\t\t\t<div class=\"elementor-post__card\">\n\t\t\t\t<a class=\"elementor-post__thumbnail__link\" href=\"https:\/\/meritosolutions.com\/es\/blog\/unlock-your-business-potential-how-merito-solutions-leverages-ai-dynamics-365-and-the-power-platform-for-your-success\/\" tabindex=\"-1\" ><div class=\"elementor-post__thumbnail\"><img loading=\"lazy\" decoding=\"async\" width=\"300\" height=\"200\" src=\"https:\/\/meritosolutions.com\/wp-content\/uploads\/2025\/05\/corporate-business-people-300x200.jpg\" class=\"attachment-medium size-medium wp-image-4559\" alt=\"\" srcset=\"https:\/\/meritosolutions.com\/wp-content\/uploads\/2025\/05\/corporate-business-people-300x200.jpg 300w, https:\/\/meritosolutions.com\/wp-content\/uploads\/2025\/05\/corporate-business-people-1024x683.jpg 1024w, https:\/\/meritosolutions.com\/wp-content\/uploads\/2025\/05\/corporate-business-people-768x512.jpg 768w, https:\/\/meritosolutions.com\/wp-content\/uploads\/2025\/05\/corporate-business-people-1536x1024.jpg 1536w, https:\/\/meritosolutions.com\/wp-content\/uploads\/2025\/05\/corporate-business-people-2048x1365.jpg 2048w, https:\/\/meritosolutions.com\/wp-content\/uploads\/2025\/05\/corporate-business-people-18x12.jpg 18w\" sizes=\"(max-width: 300px) 100vw, 300px\" \/><\/div><\/a>\n\t\t\t\t<div class=\"elementor-post__avatar\">\n\t\t\t<img alt='Magda Yinneth' src='https:\/\/secure.gravatar.com\/avatar\/2209c35146383b7e43001de5b41ebdb696487a9e42251e0ba5755e573f3c74ab?s=128&#038;d=mm&#038;r=g' srcset='https:\/\/secure.gravatar.com\/avatar\/2209c35146383b7e43001de5b41ebdb696487a9e42251e0ba5755e573f3c74ab?s=256&#038;d=mm&#038;r=g 2x' class='avatar avatar-128 photo' height='128' width='128' \/>\t\t<\/div>\n\t\t\t\t<div class=\"elementor-post__text\">\n\t\t\t\t<h3 class=\"elementor-post__title\">\n\t\t\t<a href=\"https:\/\/meritosolutions.com\/es\/blog\/unlock-your-business-potential-how-merito-solutions-leverages-ai-dynamics-365-and-the-power-platform-for-your-success\/\" >\n\t\t\t\tDesbloquee el potencial de su negocio: c\u00f3mo Merito Solutions aprovecha la IA, Dynamics 365 y Power Platform para su \u00e9xito\t\t\t<\/a>\n\t\t<\/h3>\n\t\t\t\t<div class=\"elementor-post__excerpt\">\n\t\t\t<p>As a marketing expert, I&#8217;ve seen firsthand how businesses struggle to keep pace in today&#8217;s rapidly evolving digital landscape. The good news? The solution often<\/p>\n\t\t<\/div>\n\t\t\t\t<\/div>\n\t\t\t\t\t<\/div>\n\t\t<\/article>\n\t\t\t\t<article class=\"elementor-post elementor-grid-item post-4781 post type-post status-publish format-standard has-post-thumbnail hentry category-design\" role=\"listitem\">\n\t\t\t<div class=\"elementor-post__card\">\n\t\t\t\t<a class=\"elementor-post__thumbnail__link\" href=\"https:\/\/meritosolutions.com\/es\/blog\/unleashing-intelligence-how-ai-powers-dynamics-365-for-business-entrepreneurial-triumph\/\" tabindex=\"-1\" ><div class=\"elementor-post__thumbnail\"><img loading=\"lazy\" decoding=\"async\" width=\"300\" height=\"200\" src=\"https:\/\/meritosolutions.com\/wp-content\/uploads\/2025\/05\/businessman-discussing-blueprint-with-architects-300x200.jpg\" class=\"attachment-medium size-medium wp-image-4620\" alt=\"\" srcset=\"https:\/\/meritosolutions.com\/wp-content\/uploads\/2025\/05\/businessman-discussing-blueprint-with-architects-300x200.jpg 300w, https:\/\/meritosolutions.com\/wp-content\/uploads\/2025\/05\/businessman-discussing-blueprint-with-architects-1024x683.jpg 1024w, https:\/\/meritosolutions.com\/wp-content\/uploads\/2025\/05\/businessman-discussing-blueprint-with-architects-768x512.jpg 768w, https:\/\/meritosolutions.com\/wp-content\/uploads\/2025\/05\/businessman-discussing-blueprint-with-architects-1536x1024.jpg 1536w, https:\/\/meritosolutions.com\/wp-content\/uploads\/2025\/05\/businessman-discussing-blueprint-with-architects-2048x1365.jpg 2048w, https:\/\/meritosolutions.com\/wp-content\/uploads\/2025\/05\/businessman-discussing-blueprint-with-architects-18x12.jpg 18w\" sizes=\"(max-width: 300px) 100vw, 300px\" \/><\/div><\/a>\n\t\t\t\t<div class=\"elementor-post__avatar\">\n\t\t\t<img alt='Magda Yinneth' src='https:\/\/secure.gravatar.com\/avatar\/2209c35146383b7e43001de5b41ebdb696487a9e42251e0ba5755e573f3c74ab?s=128&#038;d=mm&#038;r=g' srcset='https:\/\/secure.gravatar.com\/avatar\/2209c35146383b7e43001de5b41ebdb696487a9e42251e0ba5755e573f3c74ab?s=256&#038;d=mm&#038;r=g 2x' class='avatar avatar-128 photo' height='128' width='128' \/>\t\t<\/div>\n\t\t\t\t<div class=\"elementor-post__text\">\n\t\t\t\t<h3 class=\"elementor-post__title\">\n\t\t\t<a href=\"https:\/\/meritosolutions.com\/es\/blog\/unleashing-intelligence-how-ai-powers-dynamics-365-for-business-entrepreneurial-triumph\/\" >\n\t\t\t\tLiberando la inteligencia: C\u00f3mo la IA impulsa Dynamics 365 para el \u00e9xito empresarial y empresarial\t\t\t<\/a>\n\t\t<\/h3>\n\t\t\t\t<div class=\"elementor-post__excerpt\">\n\t\t\t<p>As a marketing expert deeply ingrained in the power of Microsoft Dynamics 365, I see a revolutionary shift underway. Artificial Intelligence (AI) isn&#8217;t just a<\/p>\n\t\t<\/div>\n\t\t\t\t<\/div>\n\t\t\t\t\t<\/div>\n\t\t<\/article>\n\t\t\t\t<\/div>\n\t\t\n\t\t\t\t<div class=\"e-load-more-anchor\" data-page=\"1\" data-max-page=\"2\" data-next-page=\"https:\/\/meritosolutions.com\/es\/wp-json\/wp\/v2\/pages\/4458\/page\/2\/\"><\/div>\n\t\t\t\t<nav class=\"elementor-pagination\" aria-label=\"Pagination\">\n\t\t\t<span class=\"page-numbers prev\">&laquo; Previous<\/span>\n<span aria-current=\"page\" class=\"page-numbers current\"><span class=\"elementor-screen-only\">Page<\/span>1<\/span>\n<a class=\"page-numbers\" href=\"https:\/\/meritosolutions.com\/es\/wp-json\/wp\/v2\/pages\/4458\/page\/2\/\"><span class=\"elementor-screen-only\">Page<\/span>2<\/a>\n<a class=\"page-numbers next\" href=\"https:\/\/meritosolutions.com\/es\/wp-json\/wp\/v2\/pages\/4458\/page\/2\/\">Next &raquo;<\/a>\t\t<\/nav>\n\t\t\t\t\t\t<\/div>\n\t\t\t\t<\/div>\n\t\t\t\t\t<\/div>\n\t\t<\/div>\n\t\t\t\t\t<\/div>\n\t\t<\/section>\n\t\t\t\t<\/div>","protected":false},"excerpt":{"rendered":"<p>Blog G&#039;day, Aussie Businesses! Fueling Your Growth in the Digital Age. G&#8217;day mates! At Merito Solutions, we&#8217;re deeply invested in the success of small and medium businesses right here in Australia. We believe that through hard work and strong partnerships, anything is possible \u2013 and our name, Merito, embodies that spirit. We offer a comprehensive [&hellip;]<\/p>\n","protected":false},"author":2,"featured_media":0,"parent":0,"menu_order":0,"comment_status":"closed","ping_status":"closed","template":"","meta":{"_uag_custom_page_level_css":"","footnotes":""},"class_list":["post-4458","page","type-page","status-publish","hentry"],"uagb_featured_image_src":{"full":false,"thumbnail":false,"medium":false,"medium_large":false,"large":false,"quiety_202x202":false,"quiety_416x275":false,"quiety_430x500":false,"quiety_55x55":false,"quiety_48x48":false,"col-lg-4":false,"blog_laynine_274x316":false,"1536x1536":false,"2048x2048":false,"trp-custom-language-flag":false},"uagb_author_info":{"display_name":"Magda Yinneth","author_link":"https:\/\/meritosolutions.com\/es\/author\/mjimen5\/"},"uagb_comment_info":0,"uagb_excerpt":"Blog G&#039;day, Aussie Businesses! Fueling Your Growth in the Digital Age. G&#8217;day mates! At Merito Solutions, we&#8217;re deeply invested in the success of small and medium businesses right here in Australia. We believe that through hard work and strong partnerships, anything is possible \u2013 and our name, Merito, embodies that spirit. We offer a comprehensive&hellip;","_links":{"self":[{"href":"https:\/\/meritosolutions.com\/es\/wp-json\/wp\/v2\/pages\/4458","targetHints":{"allow":["GET"]}}],"collection":[{"href":"https:\/\/meritosolutions.com\/es\/wp-json\/wp\/v2\/pages"}],"about":[{"href":"https:\/\/meritosolutions.com\/es\/wp-json\/wp\/v2\/types\/page"}],"author":[{"embeddable":true,"href":"https:\/\/meritosolutions.com\/es\/wp-json\/wp\/v2\/users\/2"}],"replies":[{"embeddable":true,"href":"https:\/\/meritosolutions.com\/es\/wp-json\/wp\/v2\/comments?post=4458"}],"version-history":[{"count":12,"href":"https:\/\/meritosolutions.com\/es\/wp-json\/wp\/v2\/pages\/4458\/revisions"}],"predecessor-version":[{"id":4856,"href":"https:\/\/meritosolutions.com\/es\/wp-json\/wp\/v2\/pages\/4458\/revisions\/4856"}],"wp:attachment":[{"href":"https:\/\/meritosolutions.com\/es\/wp-json\/wp\/v2\/media?parent=4458"}],"curies":[{"name":"wp","href":"https:\/\/api.w.org\/{rel}","templated":true}]}}